{"id":157,"date":"2020-12-04T11:44:27","date_gmt":"2020-12-04T10:44:27","guid":{"rendered":"http:\/\/internetseite-projekt.de\/globalbau-gmbh.de\/?page_id=157"},"modified":"2020-12-04T11:46:13","modified_gmt":"2020-12-04T10:46:13","slug":"leistungen","status":"publish","type":"page","link":"https:\/\/gal-baufirma.de\/?page_id=157","title":{"rendered":"Leistungen"},"content":{"rendered":"<div class=\"row vw-cleaning-short-projects\" id=\"vw-cleaning-our-projects\">\n            <div class=\"col-lg-4 col-md-6\">\n              <div class=\"vw-cleaning-box vw-cleaning-project-image\">\n                <img decoding=\"async\" src=\"https:\/\/gal-baufirma.de\/wp-content\/uploads\/2020\/12\/Stroeher_Wasserbrand_Gepadi_Surround-1024x604-1.jpg\" alt=\"Fliesendesign post thumbnail icon\" \/>\n                <div class=\"vw-cleaning-box-content\">\n                  <div class=\"vw-cleaning-content\">\n                    <h5><a href=\"https:\/\/gal-baufirma.de\/?projects=fliesendesign\">Fliesendesign<\/a><\/h5>\n                    <span>\n                      \n                    <\/span>\n                    <div class=\"vw-cleaning-project-text\">\n                      Als Ihr Spezialist f\u00fcr das Verlegen von gro\u00dfformatigen Fliesen bieten wir Ihnen&hellip;\n                    <\/div> \n                  <\/div>\n                <\/div>\n              <\/div>\n            <\/div>\n            <div class=\"col-lg-4 col-md-6\">\n              <div class=\"vw-cleaning-box vw-cleaning-project-image\">\n                <img decoding=\"async\" src=\"https:\/\/gal-baufirma.de\/wp-content\/uploads\/2020\/12\/BFD_The_Yard-12.jpg\" alt=\"Badsanierung post thumbnail icon\" \/>\n                <div class=\"vw-cleaning-box-content\">\n                  <div class=\"vw-cleaning-content\">\n                    <h5><a href=\"https:\/\/gal-baufirma.de\/?projects=badsanierung\">Badsanierung<\/a><\/h5>\n                    <span>\n                      \n                    <\/span>\n                    <div class=\"vw-cleaning-project-text\">\n                      Raus aus der Tristesse und hinein in ein neues, beeindruckendes Ambiente \u2013&hellip;\n                    <\/div> \n                  <\/div>\n                <\/div>\n              <\/div>\n            <\/div><div class=\"clearfix\"><\/div>\n            <div class=\"col-lg-4 col-md-6\">\n              <div class=\"vw-cleaning-box vw-cleaning-project-image\">\n                <img decoding=\"async\" src=\"https:\/\/gal-baufirma.de\/wp-content\/uploads\/2021\/10\/1.jpg\" alt=\"Badbarrierfrei post thumbnail icon\" \/>\n                <div class=\"vw-cleaning-box-content\">\n                  <div class=\"vw-cleaning-content\">\n                    <h5><a href=\"https:\/\/gal-baufirma.de\/?projects=badbarrierfrei\">Badbarrierfrei<\/a><\/h5>\n                    <span>\n                      \n                    <\/span>\n                    <div class=\"vw-cleaning-project-text\">\n                      Sie tr\u00e4umen von einer modernen Wohlf\u00fchloase und haben schon einmal \u00fcber eine&hellip;\n                    <\/div> \n                  <\/div>\n                <\/div>\n              <\/div>\n            <\/div>\n            <div class=\"col-lg-4 col-md-6\">\n              <div class=\"vw-cleaning-box vw-cleaning-project-image\">\n                <img decoding=\"async\" src=\"https:\/\/gal-baufirma.de\/wp-content\/uploads\/2020\/12\/1458636595_23930400.jpg\" alt=\"Trockenbau post thumbnail icon\" \/>\n                <div class=\"vw-cleaning-box-content\">\n                  <div class=\"vw-cleaning-content\">\n                    <h5><a href=\"https:\/\/gal-baufirma.de\/?projects=project-title-4\">Trockenbau<\/a><\/h5>\n                    <span>\n                      \n                    <\/span>\n                    <div class=\"vw-cleaning-project-text\">\n                      Erweitern Sie Ihre M\u00f6glichkeiten und schaffen Sie neuen Raum mit professionellem Trockenbau.&hellip;\n                    <\/div> \n                  <\/div>\n                <\/div>\n              <\/div>\n            <\/div><div class=\"clearfix\"><\/div>\n            <div class=\"col-lg-4 col-md-6\">\n              <div class=\"vw-cleaning-box vw-cleaning-project-image\">\n                <img decoding=\"async\" src=\"https:\/\/gal-baufirma.de\/wp-content\/uploads\/2020\/12\/1a-2.jpg\" alt=\"Wandverkleidung und Farben post thumbnail icon\" \/>\n                <div class=\"vw-cleaning-box-content\">\n                  <div class=\"vw-cleaning-content\">\n                    <h5><a href=\"https:\/\/gal-baufirma.de\/?projects=wandverkleidung-und-farben\">Wandverkleidung und Farben<\/a><\/h5>\n                    <span>\n                      \n                    <\/span>\n                    <div class=\"vw-cleaning-project-text\">\n                      Gestalten Sie Ihr Wohnambiente ganz nach Ihren Vorstellungen mit unseren individuellen Wandverkleidungen&hellip;\n                    <\/div> \n                  <\/div>\n                <\/div>\n              <\/div>\n            <\/div>\n            <div class=\"col-lg-4 col-md-6\">\n              <div class=\"vw-cleaning-box vw-cleaning-project-image\">\n                <img decoding=\"async\" src=\"https:\/\/gal-baufirma.de\/wp-content\/uploads\/2020\/12\/00ace16f11f235fa1f701ae118ad0356.jpg\" alt=\"Renovierung post thumbnail icon\" \/>\n                <div class=\"vw-cleaning-box-content\">\n                  <div class=\"vw-cleaning-content\">\n                    <h5><a href=\"https:\/\/gal-baufirma.de\/?projects=project-title-5\">Renovierung<\/a><\/h5>\n                    <span>\n                      \n                    <\/span>\n                    <div class=\"vw-cleaning-project-text\">\n                      Verabschieden Sie sich von eint\u00f6nigen R\u00e4umen und schaffen Sie sich ein Zuhause,&hellip;\n                    <\/div> \n                  <\/div>\n                <\/div>\n              <\/div>\n            <\/div><div class=\"clearfix\"><\/div>\n            <div class=\"col-lg-4 col-md-6\">\n              <div class=\"vw-cleaning-box vw-cleaning-project-image\">\n                <img decoding=\"async\" src=\"https:\/\/gal-baufirma.de\/wp-content\/uploads\/2020\/12\/11.jpg\" alt=\"Altbausanierung post thumbnail icon\" \/>\n                <div class=\"vw-cleaning-box-content\">\n                  <div class=\"vw-cleaning-content\">\n                    <h5><a href=\"https:\/\/gal-baufirma.de\/?projects=project-title-6\">Altbausanierung<\/a><\/h5>\n                    <span>\n                      \n                    <\/span>\n                    <div class=\"vw-cleaning-project-text\">\n                      \u00c4ltere Geb\u00e4ude strahlen einen besonderen Charme aus und bieten oft eine einzigartige&hellip;\n                    <\/div> \n                  <\/div>\n                <\/div>\n              <\/div>\n            <\/div>\n            <div class=\"col-lg-4 col-md-6\">\n              <div class=\"vw-cleaning-box vw-cleaning-project-image\">\n                <img decoding=\"async\" src=\"https:\/\/gal-baufirma.de\/wp-content\/uploads\/2020\/12\/img_5.jpg\" alt=\"Fu\u00dfbodenbel\u00e4ge post thumbnail icon\" \/>\n                <div class=\"vw-cleaning-box-content\">\n                  <div class=\"vw-cleaning-content\">\n                    <h5><a href=\"https:\/\/gal-baufirma.de\/?projects=fusbodenbelage\">Fu\u00dfbodenbel\u00e4ge<\/a><\/h5>\n                    <span>\n                      \n                    <\/span>\n                    <div class=\"vw-cleaning-project-text\">\n                      Ein erstklassiger Fu\u00dfboden hat einen enormen Einfluss auf das Wohlf\u00fchlambiente und die&hellip;\n                    <\/div> \n                  <\/div>\n                <\/div>\n              <\/div>\n            <\/div><div class=\"clearfix\"><\/div>\n            <div class=\"col-lg-4 col-md-6\">\n              <div class=\"vw-cleaning-box vw-cleaning-project-image\">\n                <img decoding=\"async\" src=\"https:\/\/gal-baufirma.de\/wp-content\/uploads\/2020\/12\/11-3.jpg\" alt=\"Und vieles Mehr post thumbnail icon\" \/>\n                <div class=\"vw-cleaning-box-content\">\n                  <div class=\"vw-cleaning-content\">\n                    <h5><a href=\"https:\/\/gal-baufirma.de\/?projects=und-vieles-mehr\">Und vieles Mehr<\/a><\/h5>\n                    <span>\n                      \n                    <\/span>\n                    <div class=\"vw-cleaning-project-text\">\n                      Mit uns k\u00f6nnen Sie auf eine umfassende und zuverl\u00e4ssige Umsetzung all Ihrer&hellip;\n                    <\/div> \n                  <\/div>\n                <\/div>\n              <\/div>\n            <\/div>\n","protected":false},"excerpt":{"rendered":"","protected":false},"author":1,"featured_media":0,"parent":0,"menu_order":0,"comment_status":"closed","ping_status":"closed","template":"","meta":{"footnotes":""},"class_list":["post-157","page","type-page","status-publish","hentry"],"_links":{"self":[{"href":"https:\/\/gal-baufirma.de\/index.php?rest_route=\/wp\/v2\/pages\/157","targetHints":{"allow":["GET"]}}],"collection":[{"href":"https:\/\/gal-baufirma.de\/index.php?rest_route=\/wp\/v2\/pages"}],"about":[{"href":"https:\/\/gal-baufirma.de\/index.php?rest_route=\/wp\/v2\/types\/page"}],"author":[{"embeddable":true,"href":"https:\/\/gal-baufirma.de\/index.php?rest_route=\/wp\/v2\/users\/1"}],"replies":[{"embeddable":true,"href":"https:\/\/gal-baufirma.de\/index.php?rest_route=%2Fwp%2Fv2%2Fcomments&post=157"}],"version-history":[{"count":3,"href":"https:\/\/gal-baufirma.de\/index.php?rest_route=\/wp\/v2\/pages\/157\/revisions"}],"predecessor-version":[{"id":161,"href":"https:\/\/gal-baufirma.de\/index.php?rest_route=\/wp\/v2\/pages\/157\/revisions\/161"}],"wp:attachment":[{"href":"https:\/\/gal-baufirma.de\/index.php?rest_route=%2Fwp%2Fv2%2Fmedia&parent=157"}],"curies":[{"name":"wp","href":"https:\/\/api.w.org\/{rel}","templated":true}]}}